{"id":152,"date":"2025-04-21T15:30:02","date_gmt":"2025-04-21T13:30:02","guid":{"rendered":"https:\/\/staff.sagaa.fr\/staff\/?page_id=152"},"modified":"2025-04-28T10:31:41","modified_gmt":"2025-04-28T08:31:41","slug":"sebastien-cadeilhan-uefa-a","status":"publish","type":"page","link":"https:\/\/staff.sagaa.fr\/staff\/sebastien-cadeilhan-uefa-a\/","title":{"rendered":"S\u00e9bastien Cadeilhan UEFA A"},"content":{"rendered":"<p>[et_pb_section fb_built=\u00a0\u00bb1&Prime; _builder_version=\u00a0\u00bb4.16&Prime; global_colors_info=\u00a0\u00bb{}\u00a0\u00bb][et_pb_row _builder_version=\u00a0\u00bb4.16&Prime; background_size=\u00a0\u00bbinitial\u00a0\u00bb background_position=\u00a0\u00bbtop_left\u00a0\u00bb background_repeat=\u00a0\u00bbrepeat\u00a0\u00bb global_colors_info=\u00a0\u00bb{}\u00a0\u00bb][et_pb_column type=\u00a0\u00bb4_4&Prime; _builder_version=\u00a0\u00bb4.27.4&Prime; _module_preset=\u00a0\u00bbdefault\u00a0\u00bb global_colors_info=\u00a0\u00bb{}\u00a0\u00bb][et_pb_text _builder_version=\u00a0\u00bb4.27.4&Prime; _module_preset=\u00a0\u00bbdefault\u00a0\u00bb text_text_color=\u00a0\u00bb#3874FF\u00a0\u00bb global_colors_info=\u00a0\u00bb{}\u00a0\u00bb]<\/p>\n<h1 style=\"text-align: center;\"><span style=\"color: #000000;\"><strong>S\u00e9bastien Cadeilhan UEFA A<\/strong><\/span><\/h1>\n<p>[\/et_pb_text][\/et_pb_column][\/et_pb_row][et_pb_row column_structure=\u00a0\u00bb1_2,1_2&Prime; _builder_version=\u00a0\u00bb4.16&Prime; background_size=\u00a0\u00bbinitial\u00a0\u00bb background_position=\u00a0\u00bbtop_left\u00a0\u00bb background_repeat=\u00a0\u00bbrepeat\u00a0\u00bb global_colors_info=\u00a0\u00bb{}\u00a0\u00bb][et_pb_column type=\u00a0\u00bb1_2&Prime; _builder_version=\u00a0\u00bb4.16&Prime; custom_padding=\u00a0\u00bb|||\u00a0\u00bb global_colors_info=\u00a0\u00bb{}\u00a0\u00bb custom_padding__hover=\u00a0\u00bb|||\u00a0\u00bb][et_pb_image src=\u00a0\u00bbhttps:\/\/staff.sagaa.fr\/staff\/wp-content\/uploads\/2025\/04\/IMG-20250310-WA0014.jpg\u00a0\u00bb title_text=\u00a0\u00bbIMG-20250310-WA0014&Prime; url=\u00a0\u00bbhttps:\/\/staff.sagaa.fr\/staff\/wp-content\/uploads\/2025\/04\/test.jpg\u00a0\u00bb _builder_version=\u00a0\u00bb4.27.4&Prime; _module_preset=\u00a0\u00bbdefault\u00a0\u00bb background_image=\u00a0\u00bbhttps:\/\/staff.sagaa.fr\/staff\/wp-content\/uploads\/2025\/04\/test.jpg\u00a0\u00bb global_colors_info=\u00a0\u00bb{}\u00a0\u00bb][\/et_pb_image][\/et_pb_column][et_pb_column type=\u00a0\u00bb1_2&Prime; _builder_version=\u00a0\u00bb4.16&Prime; custom_padding=\u00a0\u00bb|||\u00a0\u00bb global_colors_info=\u00a0\u00bb{}\u00a0\u00bb custom_padding__hover=\u00a0\u00bb|||\u00a0\u00bb][et_pb_text _builder_version=\u00a0\u00bb4.27.4&Prime; _module_preset=\u00a0\u00bbdefault\u00a0\u00bb global_colors_info=\u00a0\u00bb{}\u00a0\u00bb]<\/p>\n<p style=\"text-align: justify;\">Jeune entra\u00eeneur titulaire de l&rsquo;UEFA A, S\u00e9bastien Cadeilhan entra\u00eene dans l&rsquo;un des meilleurs centres de formation de France, au Stade de Reims.<\/p>\n<p style=\"text-align: justify;\">Pass\u00e9 \u00e9galement par la F\u00e9d\u00e9ration Fran\u00e7aise de Football ainsi qu&rsquo;en MLS (CF Montr\u00e9al), S\u00e9bastien est un excellent formateur.<\/p>\n<p style=\"text-align: justify;\">Son CV est t\u00e9l\u00e9chargeable <a href=\"https:\/\/staff.sagaa.fr\/staff\/wp-content\/uploads\/2025\/04\/CV-Cadeilhan-Sebastien-2025-Coach.pdf\">ici<\/a>.<\/p>\n<p style=\"text-align: justify;\">Young coach holding a UEFA A License, S\u00e9bastien Cadeilhan coaches at one of the best youth academies in France, the Stade de Reims.<\/p>\n<p style=\"text-align: justify;\">Having also worked with the French Football Federation and in MLS (CF Montr\u00e9al), S\u00e9bastien is an excellent developer of talent.<\/p>\n<p style=\"text-align: justify;\">His r\u00e9sum\u00e9 can be downloaded <a href=\"https:\/\/staff.sagaa.fr\/staff\/wp-content\/uploads\/2025\/04\/CV-Cadeilhan-Sebastien-2025-Coach.pdf\">here<\/a>.<\/p>\n<p>[\/et_pb_text][\/et_pb_column][\/et_pb_row][et_pb_row _builder_version=\u00a0\u00bb4.16&Prime; background_size=\u00a0\u00bbinitial\u00a0\u00bb background_position=\u00a0\u00bbtop_left\u00a0\u00bb background_repeat=\u00a0\u00bbrepeat\u00a0\u00bb global_colors_info=\u00a0\u00bb{}\u00a0\u00bb][et_pb_column type=\u00a0\u00bb4_4&Prime; _builder_version=\u00a0\u00bb4.16&Prime; custom_padding=\u00a0\u00bb|||\u00a0\u00bb global_colors_info=\u00a0\u00bb{}\u00a0\u00bb custom_padding__hover=\u00a0\u00bb|||\u00a0\u00bb][et_pb_text _builder_version=\u00a0\u00bb4.27.4&Prime; background_size=\u00a0\u00bbinitial\u00a0\u00bb background_position=\u00a0\u00bbtop_left\u00a0\u00bb background_repeat=\u00a0\u00bbrepeat\u00a0\u00bb global_colors_info=\u00a0\u00bb{}\u00a0\u00bb]<\/p>\n<h3 style=\"text-align: center;\"><strong>Dipl\u00f4me \/ Diploma :<\/strong><\/h3>\n<p style=\"text-align: center;\"><strong><\/strong><\/p>\n<p style=\"text-align: center;\"><strong>UEFA A<\/strong><\/p>\n<p style=\"text-align: center;\"><strong>Master 1 STAPS \/ Master&rsquo;s in Sports Science<\/strong><\/p>\n<p style=\"text-align: center;\"><strong>Dipl\u00f4me Universitaire Analyse Vid\u00e9o de la Performance \/ University Diploma Sports Performance video analyst<\/strong><\/p>\n<p>&nbsp;<\/p>\n<p>&nbsp;<\/p>\n<p>[\/et_pb_text][et_pb_text _builder_version=\u00a0\u00bb4.27.4&Prime; background_size=\u00a0\u00bbinitial\u00a0\u00bb background_position=\u00a0\u00bbtop_left\u00a0\u00bb background_repeat=\u00a0\u00bbrepeat\u00a0\u00bb global_colors_info=\u00a0\u00bb{}\u00a0\u00bb]<\/p>\n<h3 style=\"text-align: center;\"><strong>Langues \/ Languages :<\/strong><\/h3>\n<p style=\"text-align: center;\"><strong><\/strong><\/p>\n<p style=\"text-align: center;\"><strong>Anglais, Fran\u00e7ais et Espagnol<\/strong><\/p>\n<p style=\"text-align: center;\"><strong>English , French &amp; Spanish<\/strong><\/p>\n<p>&nbsp;<\/p>\n<p>[\/et_pb_text][\/et_pb_column][\/et_pb_row][et_pb_row column_structure=\u00a0\u00bb1_2,1_2&Prime; _builder_version=\u00a0\u00bb4.27.4&Prime; background_size=\u00a0\u00bbinitial\u00a0\u00bb background_position=\u00a0\u00bbtop_left\u00a0\u00bb background_repeat=\u00a0\u00bbrepeat\u00a0\u00bb custom_padding=\u00a0\u00bb20px||||false|false\u00a0\u00bb global_colors_info=\u00a0\u00bb{}\u00a0\u00bb][et_pb_column type=\u00a0\u00bb1_2&Prime; _builder_version=\u00a0\u00bb4.16&Prime; custom_padding=\u00a0\u00bb|||\u00a0\u00bb global_colors_info=\u00a0\u00bb{}\u00a0\u00bb custom_padding__hover=\u00a0\u00bb|||\u00a0\u00bb][et_pb_text _builder_version=\u00a0\u00bb4.27.4&Prime; background_size=\u00a0\u00bbinitial\u00a0\u00bb background_position=\u00a0\u00bbtop_left\u00a0\u00bb background_repeat=\u00a0\u00bbrepeat\u00a0\u00bb global_colors_info=\u00a0\u00bb{}\u00a0\u00bb]<\/p>\n<h3 class=\"cvGsUA direction-ltr align-start para-style-body\" style=\"color: #fffffa; font-family: 'YACgEev4gKc 0', '_fb_', 'auto'; --cyv3zq: 16px; --gjplxq: 1.5; text-transform: none; line-height: 24px;\"><strong><span style=\"color: #333333;\"><span class=\"OYPEnA font-feature-liga-off font-feature-clig-off font-feature-calt-off text-decoration-none text-strikethrough-none\" style=\"font-style: normal; font-kerning: none;\">Carri\u00e8re \/ Career :<\/span><\/span><\/strong><\/h3>\n<p><span style=\"color: #333333;\"><span class=\"OYPEnA font-feature-liga-off font-feature-clig-off font-feature-calt-off text-decoration-none text-strikethrough-none\" style=\"font-weight: bold; font-style: normal; font-kerning: none;\"><\/span><\/span><\/p>\n<p class=\"cvGsUA direction-ltr align-start para-style-body\" style=\"color: #fffffa; font-family: 'YACgEev4gKc 0', '_fb_', 'auto'; --cyv3zq: 16px; --gjplxq: 1.5; text-transform: none; line-height: 24px;\"><span style=\"color: #333333;\"><span class=\"OYPEnA font-feature-liga-off font-feature-clig-off font-feature-calt-off text-decoration-none text-strikethrough-none\" style=\"font-weight: bold; font-style: normal; font-kerning: none;\">07\/2023- Stade de Reims (Ligue 1)<\/span><span class=\"OYPEnA font-feature-liga-off font-feature-clig-off font-feature-calt-off text-decoration-none text-strikethrough-none\" style=\"font-style: normal; font-kerning: none;\">,\u00a0 France &#8211; Assistant Coach U15 &amp; U17 Video Analyst<\/span><\/span><\/p>\n<p class=\"cvGsUA direction-ltr align-start para-style-body\" style=\"color: #fffffa; font-family: 'YACgEev4gKc 0', '_fb_', 'auto'; --cyv3zq: 16px; --gjplxq: 1.5; text-transform: none; line-height: 24px;\"><span style=\"color: #333333;\"><span class=\"OYPEnA font-feature-liga-off font-feature-clig-off font-feature-calt-off text-decoration-none text-strikethrough-none\" style=\"font-style: normal; font-kerning: none;\">2021<\/span><span class=\"OYPEnA font-feature-liga-off font-feature-clig-off font-feature-calt-off text-decoration-none text-strikethrough-none\" style=\"font-weight: 400; font-style: normal; font-kerning: none;\">-23: <\/span><span class=\"OYPEnA font-feature-liga-off font-feature-clig-off font-feature-calt-off text-decoration-none text-strikethrough-none\" style=\"font-weight: bold; font-style: normal; font-kerning: none;\">Football French Association (FFF)<\/span><span class=\"OYPEnA font-feature-liga-off font-feature-clig-off font-feature-calt-off text-decoration-none text-strikethrough-none\" style=\"font-weight: 400; font-style: normal; font-kerning: none;\"> &#8211;\u00a0 coach<\/span><\/span><\/p>\n<p class=\"cvGsUA direction-ltr align-start para-style-body\" style=\"color: #fffffa; font-family: 'YACgEev4gKc 0', '_fb_', 'auto'; --cyv3zq: 16px; --gjplxq: 1.5; text-transform: none; line-height: 24px;\"><span style=\"color: #333333;\"><span class=\"OYPEnA font-feature-liga-off font-feature-clig-off font-feature-calt-off text-decoration-none text-strikethrough-none\" style=\"font-weight: 400; font-style: normal; font-kerning: none;\">2021-23 :<\/span><span class=\"OYPEnA font-feature-liga-off font-feature-clig-off font-feature-calt-off text-decoration-none text-strikethrough-none\" style=\"font-weight: bold; font-style: normal; font-kerning: none;\"> ASB B\u00e9ziers football (National 2 ) &#8211; Coach U17<\/span><\/span><\/p>\n<p class=\"cvGsUA direction-ltr align-start para-style-body\" style=\"color: #fffffa; font-family: 'YACgEev4gKc 0', '_fb_', 'auto'; --cyv3zq: 16px; --gjplxq: 1.5; text-transform: none; line-height: 24px;\"><span style=\"color: #333333;\"><span class=\"OYPEnA font-feature-liga-off font-feature-clig-off font-feature-calt-off text-decoration-none text-strikethrough-none\" style=\"font-weight: 400; font-style: normal; font-kerning: none;\">2018-21: <\/span><span class=\"OYPEnA font-feature-liga-off font-feature-clig-off font-feature-calt-off text-decoration-none text-strikethrough-none\" style=\"font-weight: bold; font-style: normal; font-kerning: none;\">RCO Agde<\/span><span class=\"OYPEnA font-feature-liga-off font-feature-clig-off font-feature-calt-off text-decoration-none text-strikethrough-none\" style=\"font-weight: 400; font-style: normal; font-kerning: none;\"> (National 2)\u00a0 &#8211; Coach U18<\/span><\/span><\/p>\n<p class=\"cvGsUA direction-ltr align-start para-style-body\" style=\"color: #fffffa; font-family: 'YACgEev4gKc 0', '_fb_', 'auto'; --cyv3zq: 16px; --gjplxq: 1.5; text-transform: none; line-height: 24px;\"><span style=\"color: #333333;\"><span class=\"OYPEnA font-feature-liga-off font-feature-clig-off font-feature-calt-off text-decoration-none text-strikethrough-none\" style=\"font-weight: 400; font-style: normal; font-kerning: none;\">2017-18: CF Montr\u00e9al (MLS)\u00a0<\/span><span class=\"OYPEnA font-feature-liga-off font-feature-clig-off font-feature-calt-off text-decoration-none text-strikethrough-none\" style=\"font-weight: bold; font-style: normal; font-kerning: none;\"> <\/span><span class=\"OYPEnA font-feature-liga-off font-feature-clig-off font-feature-calt-off text-decoration-none text-strikethrough-none\" style=\"font-weight: 400; font-style: normal; font-kerning: none;\">&#8211; Coach Soccer School<\/span><\/span><\/p>\n<p class=\"cvGsUA direction-ltr align-start para-style-body\" style=\"color: #fffffa; font-family: 'YACgEev4gKc 0', '_fb_', 'auto'; --cyv3zq: 16px; --gjplxq: 1.5; text-transform: none; line-height: 24px;\"><span style=\"color: #333333;\"><span class=\"OYPEnA font-feature-liga-off font-feature-clig-off font-feature-calt-off text-decoration-none text-strikethrough-none\" style=\"font-weight: bold; font-style: normal; font-kerning: none;\"><\/span><\/span><span style=\"color: #333333;\"><span class=\"OYPEnA font-feature-liga-off font-feature-clig-off font-feature-calt-off text-decoration-none text-strikethrough-none\" style=\"font-weight: 400; font-style: normal; font-kerning: none;\"><\/span><\/span><\/p>\n<p>[\/et_pb_text][\/et_pb_column][et_pb_column type=\u00a0\u00bb1_2&Prime; _builder_version=\u00a0\u00bb4.16&Prime; custom_padding=\u00a0\u00bb|||\u00a0\u00bb global_colors_info=\u00a0\u00bb{}\u00a0\u00bb custom_padding__hover=\u00a0\u00bb|||\u00a0\u00bb][et_pb_image src=\u00a0\u00bbhttps:\/\/staff.sagaa.fr\/staff\/wp-content\/uploads\/2025\/04\/Logo.webp\u00a0\u00bb title_text=\u00a0\u00bbLogo\u00a0\u00bb _builder_version=\u00a0\u00bb4.27.4&Prime; _module_preset=\u00a0\u00bbdefault\u00a0\u00bb width=\u00a0\u00bb50%\u00a0\u00bb max_width=\u00a0\u00bb50%\u00a0\u00bb module_alignment=\u00a0\u00bbcenter\u00a0\u00bb global_colors_info=\u00a0\u00bb{}\u00a0\u00bb][\/et_pb_image][\/et_pb_column][\/et_pb_row][et_pb_row _builder_version=\u00a0\u00bb4.16&Prime; background_size=\u00a0\u00bbinitial\u00a0\u00bb background_position=\u00a0\u00bbtop_left\u00a0\u00bb background_repeat=\u00a0\u00bbrepeat\u00a0\u00bb global_colors_info=\u00a0\u00bb{}\u00a0\u00bb][et_pb_column type=\u00a0\u00bb4_4&Prime; _builder_version=\u00a0\u00bb4.16&Prime; custom_padding=\u00a0\u00bb|||\u00a0\u00bb global_colors_info=\u00a0\u00bb{}\u00a0\u00bb custom_padding__hover=\u00a0\u00bb|||\u00a0\u00bb][et_pb_gallery gallery_ids=\u00a0\u00bb304,305&Prime; gallery_orderby=\u00a0\u00bbrand\u00a0\u00bb posts_number=\u00a0\u00bb10&Prime; orientation=\u00a0\u00bbportrait\u00a0\u00bb show_title_and_caption=\u00a0\u00bboff\u00a0\u00bb show_pagination=\u00a0\u00bboff\u00a0\u00bb _builder_version=\u00a0\u00bb4.27.4&Prime; _module_preset=\u00a0\u00bbdefault\u00a0\u00bb global_colors_info=\u00a0\u00bb{}\u00a0\u00bb][\/et_pb_gallery][\/et_pb_column][\/et_pb_row][\/et_pb_section]<\/p>\n","protected":false},"excerpt":{"rendered":"<p>S\u00e9bastien Cadeilhan UEFA AJeune entra\u00eeneur titulaire de l&rsquo;UEFA A, S\u00e9bastien Cadeilhan entra\u00eene dans l&rsquo;un des meilleurs centres de formation de France, au Stade de Reims. Pass\u00e9 \u00e9galement par la F\u00e9d\u00e9ration Fran\u00e7aise de Football ainsi qu&rsquo;en MLS (CF Montr\u00e9al), S\u00e9bastien est un excellent formateur. Son CV est t\u00e9l\u00e9chargeable ici. Young coach holding a UEFA A License, [&hellip;]<\/p>\n","protected":false},"author":1,"featured_media":0,"parent":0,"menu_order":0,"comment_status":"closed","ping_status":"open","template":"","meta":{"_acf_changed":false,"_et_pb_use_builder":"on","_et_pb_old_content":"<!-- wp:paragraph -->\n<p>Ceci est une page d\u2019exemple. C\u2019est diff\u00e9rent d\u2019un article de blog parce qu\u2019elle restera au m\u00eame endroit et appara\u00eetra dans la navigation de votre site (dans la plupart des th\u00e8mes). La plupart des gens commencent par une page \u00ab&nbsp;\u00c0 propos&nbsp;\u00bb qui les pr\u00e9sente aux personnes visitant le site. Cela pourrait ressembler \u00e0 quelque chose comme cela&nbsp;:<\/p>\n<!-- \/wp:paragraph -->\n\n<!-- wp:quote -->\n<blockquote class=\"wp-block-quote\"><!-- wp:paragraph -->\n<p>Bonjour\u00a0! Je suis un m\u00e9canicien qui aspire \u00e0 devenir acteur, et voici mon site. J\u2019habite \u00e0 Bordeaux, j\u2019ai un super chien baptis\u00e9 Russell, et j\u2019aime la vodka (ainsi qu\u2019\u00eatre surpris par la pluie soudaine lors de longues balades sur la plage au coucher du soleil).<\/p>\n<!-- \/wp:paragraph --><\/blockquote>\n<!-- \/wp:quote -->\n\n<!-- wp:paragraph -->\n<p>\u2026ou quelque chose comme cela&nbsp;:<\/p>\n<!-- \/wp:paragraph -->\n\n<!-- wp:quote -->\n<blockquote class=\"wp-block-quote\"><!-- wp:paragraph -->\n<p>La soci\u00e9t\u00e9 123 Machin Truc a \u00e9t\u00e9 cr\u00e9\u00e9e en 1971, et n\u2019a cess\u00e9 de proposer au public des machins-trucs de qualit\u00e9 depuis lors. Situ\u00e9e \u00e0 Saint-Remy-en-Bouzemont-Saint-Genest-et-Isson, 123 Machin Truc emploie 2 000 personnes, et fabrique toutes sortes de bidules supers pour la communaut\u00e9 bouzemontoise.<\/p>\n<!-- \/wp:paragraph --><\/blockquote>\n<!-- \/wp:quote -->\n\n<!-- wp:paragraph -->\n<p>En tant que nouvel utilisateur ou utilisatrice de WordPress, vous devriez vous rendre sur <a href=\"https:\/\/staff.sagaa.fr\/staff\/wp-admin\/\">votre tableau de bord<\/a> pour supprimer cette page et cr\u00e9er de nouvelles pages pour votre contenu. Amusez-vous bien&nbsp;!<\/p>\n<!-- \/wp:paragraph -->","_et_gb_content_width":"","footnotes":""},"class_list":["post-152","page","type-page","status-publish","hentry"],"acf":[],"yoast_head":"<!-- This site is optimized with the Yoast SEO plugin v27.6 - https:\/\/yoast.com\/product\/yoast-seo-wordpress\/ -->\n<title>S\u00e9bastien Cadeilhan UEFA A - SAGAA STAFF<\/title>\n<meta name=\"robots\" content=\"noindex, nofollow\" \/>\n<meta property=\"og:locale\" content=\"fr_FR\" \/>\n<meta property=\"og:type\" content=\"article\" \/>\n<meta property=\"og:title\" content=\"S\u00e9bastien Cadeilhan UEFA A - SAGAA STAFF\" \/>\n<meta property=\"og:description\" content=\"S\u00e9bastien Cadeilhan UEFA AJeune entra\u00eeneur titulaire de l&#039;UEFA A, S\u00e9bastien Cadeilhan entra\u00eene dans l&#039;un des meilleurs centres de formation de France, au Stade de Reims. Pass\u00e9 \u00e9galement par la F\u00e9d\u00e9ration Fran\u00e7aise de Football ainsi qu&#039;en MLS (CF Montr\u00e9al), S\u00e9bastien est un excellent formateur. Son CV est t\u00e9l\u00e9chargeable ici. Young coach holding a UEFA A License, [&hellip;]\" \/>\n<meta property=\"og:url\" content=\"https:\/\/staff.sagaa.fr\/staff\/sebastien-cadeilhan-uefa-a\/\" \/>\n<meta property=\"og:site_name\" content=\"SAGAA STAFF\" \/>\n<meta property=\"article:modified_time\" content=\"2025-04-28T08:31:41+00:00\" \/>\n<meta name=\"twitter:card\" content=\"summary_large_image\" \/>\n<meta name=\"twitter:label1\" content=\"Dur\u00e9e de lecture estim\u00e9e\" \/>\n\t<meta name=\"twitter:data1\" content=\"2 minutes\" \/>\n<script type=\"application\/ld+json\" class=\"yoast-schema-graph\">{\"@context\":\"https:\\\/\\\/schema.org\",\"@graph\":[{\"@type\":\"WebPage\",\"@id\":\"https:\\\/\\\/staff.sagaa.fr\\\/staff\\\/sebastien-cadeilhan-uefa-a\\\/\",\"url\":\"https:\\\/\\\/staff.sagaa.fr\\\/staff\\\/sebastien-cadeilhan-uefa-a\\\/\",\"name\":\"S\u00e9bastien Cadeilhan UEFA A - SAGAA STAFF\",\"isPartOf\":{\"@id\":\"https:\\\/\\\/staff.sagaa.fr\\\/staff\\\/#website\"},\"datePublished\":\"2025-04-21T13:30:02+00:00\",\"dateModified\":\"2025-04-28T08:31:41+00:00\",\"breadcrumb\":{\"@id\":\"https:\\\/\\\/staff.sagaa.fr\\\/staff\\\/sebastien-cadeilhan-uefa-a\\\/#breadcrumb\"},\"inLanguage\":\"fr-FR\",\"potentialAction\":[{\"@type\":\"ReadAction\",\"target\":[\"https:\\\/\\\/staff.sagaa.fr\\\/staff\\\/sebastien-cadeilhan-uefa-a\\\/\"]}]},{\"@type\":\"BreadcrumbList\",\"@id\":\"https:\\\/\\\/staff.sagaa.fr\\\/staff\\\/sebastien-cadeilhan-uefa-a\\\/#breadcrumb\",\"itemListElement\":[{\"@type\":\"ListItem\",\"position\":1,\"name\":\"Home\",\"item\":\"https:\\\/\\\/staff.sagaa.fr\\\/staff\\\/\"},{\"@type\":\"ListItem\",\"position\":2,\"name\":\"S\u00e9bastien Cadeilhan UEFA A\"}]},{\"@type\":\"WebSite\",\"@id\":\"https:\\\/\\\/staff.sagaa.fr\\\/staff\\\/#website\",\"url\":\"https:\\\/\\\/staff.sagaa.fr\\\/staff\\\/\",\"name\":\"SAGAA STAFF\",\"description\":\"Find your staff\",\"potentialAction\":[{\"@type\":\"SearchAction\",\"target\":{\"@type\":\"EntryPoint\",\"urlTemplate\":\"https:\\\/\\\/staff.sagaa.fr\\\/staff\\\/?s={search_term_string}\"},\"query-input\":{\"@type\":\"PropertyValueSpecification\",\"valueRequired\":true,\"valueName\":\"search_term_string\"}}],\"inLanguage\":\"fr-FR\"}]}<\/script>\n<!-- \/ Yoast SEO plugin. -->","yoast_head_json":{"title":"S\u00e9bastien Cadeilhan UEFA A - SAGAA STAFF","robots":{"index":"noindex","follow":"nofollow"},"og_locale":"fr_FR","og_type":"article","og_title":"S\u00e9bastien Cadeilhan UEFA A - SAGAA STAFF","og_description":"S\u00e9bastien Cadeilhan UEFA AJeune entra\u00eeneur titulaire de l'UEFA A, S\u00e9bastien Cadeilhan entra\u00eene dans l'un des meilleurs centres de formation de France, au Stade de Reims. Pass\u00e9 \u00e9galement par la F\u00e9d\u00e9ration Fran\u00e7aise de Football ainsi qu'en MLS (CF Montr\u00e9al), S\u00e9bastien est un excellent formateur. Son CV est t\u00e9l\u00e9chargeable ici. Young coach holding a UEFA A License, [&hellip;]","og_url":"https:\/\/staff.sagaa.fr\/staff\/sebastien-cadeilhan-uefa-a\/","og_site_name":"SAGAA STAFF","article_modified_time":"2025-04-28T08:31:41+00:00","twitter_card":"summary_large_image","twitter_misc":{"Dur\u00e9e de lecture estim\u00e9e":"2 minutes"},"schema":{"@context":"https:\/\/schema.org","@graph":[{"@type":"WebPage","@id":"https:\/\/staff.sagaa.fr\/staff\/sebastien-cadeilhan-uefa-a\/","url":"https:\/\/staff.sagaa.fr\/staff\/sebastien-cadeilhan-uefa-a\/","name":"S\u00e9bastien Cadeilhan UEFA A - SAGAA STAFF","isPartOf":{"@id":"https:\/\/staff.sagaa.fr\/staff\/#website"},"datePublished":"2025-04-21T13:30:02+00:00","dateModified":"2025-04-28T08:31:41+00:00","breadcrumb":{"@id":"https:\/\/staff.sagaa.fr\/staff\/sebastien-cadeilhan-uefa-a\/#breadcrumb"},"inLanguage":"fr-FR","potentialAction":[{"@type":"ReadAction","target":["https:\/\/staff.sagaa.fr\/staff\/sebastien-cadeilhan-uefa-a\/"]}]},{"@type":"BreadcrumbList","@id":"https:\/\/staff.sagaa.fr\/staff\/sebastien-cadeilhan-uefa-a\/#breadcrumb","itemListElement":[{"@type":"ListItem","position":1,"name":"Home","item":"https:\/\/staff.sagaa.fr\/staff\/"},{"@type":"ListItem","position":2,"name":"S\u00e9bastien Cadeilhan UEFA A"}]},{"@type":"WebSite","@id":"https:\/\/staff.sagaa.fr\/staff\/#website","url":"https:\/\/staff.sagaa.fr\/staff\/","name":"SAGAA STAFF","description":"Find your staff","potentialAction":[{"@type":"SearchAction","target":{"@type":"EntryPoint","urlTemplate":"https:\/\/staff.sagaa.fr\/staff\/?s={search_term_string}"},"query-input":{"@type":"PropertyValueSpecification","valueRequired":true,"valueName":"search_term_string"}}],"inLanguage":"fr-FR"}]}},"_links":{"self":[{"href":"https:\/\/staff.sagaa.fr\/staff\/wp-json\/wp\/v2\/pages\/152","targetHints":{"allow":["GET"]}}],"collection":[{"href":"https:\/\/staff.sagaa.fr\/staff\/wp-json\/wp\/v2\/pages"}],"about":[{"href":"https:\/\/staff.sagaa.fr\/staff\/wp-json\/wp\/v2\/types\/page"}],"author":[{"embeddable":true,"href":"https:\/\/staff.sagaa.fr\/staff\/wp-json\/wp\/v2\/users\/1"}],"replies":[{"embeddable":true,"href":"https:\/\/staff.sagaa.fr\/staff\/wp-json\/wp\/v2\/comments?post=152"}],"version-history":[{"count":13,"href":"https:\/\/staff.sagaa.fr\/staff\/wp-json\/wp\/v2\/pages\/152\/revisions"}],"predecessor-version":[{"id":380,"href":"https:\/\/staff.sagaa.fr\/staff\/wp-json\/wp\/v2\/pages\/152\/revisions\/380"}],"wp:attachment":[{"href":"https:\/\/staff.sagaa.fr\/staff\/wp-json\/wp\/v2\/media?parent=152"}],"curies":[{"name":"wp","href":"https:\/\/api.w.org\/{rel}","templated":true}]}}