{"id":158,"date":"2025-04-21T15:36:47","date_gmt":"2025-04-21T13:36:47","guid":{"rendered":"https:\/\/staff.sagaa.fr\/staff\/?page_id=158"},"modified":"2025-04-28T10:33:56","modified_gmt":"2025-04-28T08:33:56","slug":"benjamin-barthelemy-football","status":"publish","type":"page","link":"https:\/\/staff.sagaa.fr\/staff\/benjamin-barthelemy-football\/","title":{"rendered":"Benjamin Barth\u00e9l\u00e9my Football"},"content":{"rendered":"<p>[et_pb_section fb_built=\u00a0\u00bb1&Prime; _builder_version=\u00a0\u00bb4.16&Prime; global_colors_info=\u00a0\u00bb{}\u00a0\u00bb][et_pb_row _builder_version=\u00a0\u00bb4.16&Prime; background_size=\u00a0\u00bbinitial\u00a0\u00bb background_position=\u00a0\u00bbtop_left\u00a0\u00bb background_repeat=\u00a0\u00bbrepeat\u00a0\u00bb global_colors_info=\u00a0\u00bb{}\u00a0\u00bb][et_pb_column type=\u00a0\u00bb4_4&Prime; _builder_version=\u00a0\u00bb4.27.4&Prime; _module_preset=\u00a0\u00bbdefault\u00a0\u00bb global_colors_info=\u00a0\u00bb{}\u00a0\u00bb][et_pb_text _builder_version=\u00a0\u00bb4.27.4&Prime; _module_preset=\u00a0\u00bbdefault\u00a0\u00bb text_text_color=\u00a0\u00bb#3874FF\u00a0\u00bb global_colors_info=\u00a0\u00bb{}\u00a0\u00bb]<\/p>\n<h1 style=\"text-align: center;\"><span style=\"color: #000000;\"><strong>Benjamin Barth\u00e9l\u00e9my Pr\u00e9parateur Physique \/ Strenght and conditionning coach (Ligue 1 TFC)<\/strong><\/span><\/h1>\n<p>[\/et_pb_text][\/et_pb_column][\/et_pb_row][et_pb_row column_structure=\u00a0\u00bb1_2,1_2&Prime; _builder_version=\u00a0\u00bb4.16&Prime; background_size=\u00a0\u00bbinitial\u00a0\u00bb background_position=\u00a0\u00bbtop_left\u00a0\u00bb background_repeat=\u00a0\u00bbrepeat\u00a0\u00bb global_colors_info=\u00a0\u00bb{}\u00a0\u00bb][et_pb_column type=\u00a0\u00bb1_2&Prime; _builder_version=\u00a0\u00bb4.16&Prime; custom_padding=\u00a0\u00bb|||\u00a0\u00bb global_colors_info=\u00a0\u00bb{}\u00a0\u00bb custom_padding__hover=\u00a0\u00bb|||\u00a0\u00bb][et_pb_image src=\u00a0\u00bbhttps:\/\/staff.sagaa.fr\/staff\/wp-content\/uploads\/2025\/04\/Benjamin-Barthelemy.png\u00a0\u00bb title_text=\u00a0\u00bbBenjamin Barth\u00e9l\u00e9my\u00a0\u00bb url=\u00a0\u00bbhttps:\/\/staff.sagaa.fr\/staff\/wp-content\/uploads\/2025\/04\/test.jpg\u00a0\u00bb _builder_version=\u00a0\u00bb4.27.4&Prime; _module_preset=\u00a0\u00bbdefault\u00a0\u00bb background_image=\u00a0\u00bbhttps:\/\/staff.sagaa.fr\/staff\/wp-content\/uploads\/2025\/04\/test.jpg\u00a0\u00bb global_colors_info=\u00a0\u00bb{}\u00a0\u00bb][\/et_pb_image][\/et_pb_column][et_pb_column type=\u00a0\u00bb1_2&Prime; _builder_version=\u00a0\u00bb4.16&Prime; custom_padding=\u00a0\u00bb|||\u00a0\u00bb global_colors_info=\u00a0\u00bb{}\u00a0\u00bb custom_padding__hover=\u00a0\u00bb|||\u00a0\u00bb][et_pb_text _builder_version=\u00a0\u00bb4.27.4&Prime; _module_preset=\u00a0\u00bbdefault\u00a0\u00bb global_colors_info=\u00a0\u00bb{}\u00a0\u00bb]<\/p>\n<p style=\"text-align: justify;\">Pr\u00e9parateur physique exp\u00e9riment\u00e9 qui effectue sa 4e saison avec le Toulouse Football Club, Benjamin Barth\u00e9l\u00e9my y aura connu les joies d\u2019une mont\u00e9e Ligue 1 ainsi qu\u2019une victoire en Coupe de France.<\/p>\n<p style=\"line-height: 100%; margin-bottom: 0cm;\">\n<p style=\"line-height: 100%; margin-bottom: 0cm;\">Trilingue, avec un parcours et des comp\u00e9tences reconnus, son CV est directement t\u00e9l\u00e9chargeable<a href=\"https:\/\/staff.sagaa.fr\/staff\/wp-content\/uploads\/2025\/04\/Benjamin-Barthelemy-CV-Preparateur-physique-TFC.pdf\"> ici<\/a>.<\/p>\n<p style=\"line-height: 100%; margin-bottom: 0cm;\">\n<p><strong><span style=\"font-weight: normal;\">An experienced <\/span><\/strong><strong><span style=\"font-weight: normal;\">strenght and conditionning<\/span><\/strong><strong><span style=\"font-weight: normal;\"> now in his fourth season with Toulouse Football Club, Benjamin Barth\u00e9l\u00e9my has been part of the club&rsquo;s promotion to Ligue 1 and a French Cup victory.<\/span><\/strong><\/p>\n<p><strong><span style=\"font-weight: normal;\">Trilingual, with a well-established background and recognized expertise, his r\u00e9sum\u00e9 can be downloaded directly <a href=\"https:\/\/staff.sagaa.fr\/staff\/wp-content\/uploads\/2025\/04\/Benjamin-Barthelemy-CV-Preparateur-physique-TFC.pdf\">here.<\/a><\/span><\/strong><\/p>\n<p style=\"text-align: justify;\">.<\/p>\n<p>[\/et_pb_text][\/et_pb_column][\/et_pb_row][et_pb_row _builder_version=\u00a0\u00bb4.16&Prime; background_size=\u00a0\u00bbinitial\u00a0\u00bb background_position=\u00a0\u00bbtop_left\u00a0\u00bb background_repeat=\u00a0\u00bbrepeat\u00a0\u00bb custom_padding=\u00a0\u00bb28px|||||\u00a0\u00bb global_colors_info=\u00a0\u00bb{}\u00a0\u00bb][et_pb_column type=\u00a0\u00bb4_4&Prime; _builder_version=\u00a0\u00bb4.16&Prime; custom_padding=\u00a0\u00bb|||\u00a0\u00bb global_colors_info=\u00a0\u00bb{}\u00a0\u00bb custom_padding__hover=\u00a0\u00bb|||\u00a0\u00bb][et_pb_text _builder_version=\u00a0\u00bb4.27.4&Prime; background_size=\u00a0\u00bbinitial\u00a0\u00bb background_position=\u00a0\u00bbtop_left\u00a0\u00bb background_repeat=\u00a0\u00bbrepeat\u00a0\u00bb global_colors_info=\u00a0\u00bb{}\u00a0\u00bb]<\/p>\n<h3 style=\"text-align: center;\"><strong>Dipl\u00f4me \/ Diploma :<\/strong><\/h3>\n<p style=\"text-align: center;\"><strong><\/strong><\/p>\n<p style=\"text-align: center;\"><strong>2012 MASTER 2 in Physical Preparation Montpellier 1 University<\/strong><\/p>\n<p style=\"text-align: center;\"><strong>2014 University Diploma in video analysis Lille 2 University<\/strong><\/p>\n<p style=\"text-align: center;\"><strong>Currently PhD student in STAPS University Rennes 2 (M2S Laboratory)<\/strong><\/p>\n<p style=\"text-align: center;\"><strong>Thesis project:<br \/><\/strong><\/p>\n<p style=\"text-align: center;\"><strong>Influence of the ACTN3 R577X Polymorphism on Incident and Severity<\/strong><\/p>\n<p style=\"text-align: center;\"><strong> of Injuries in Elite Young and Adult Professional Football Players : Effects <\/strong><\/p>\n<p style=\"text-align: center;\"><strong>of specific training programs.<\/strong><\/p>\n<p style=\"text-align: center;\"><strong><\/strong><\/p>\n<h3 style=\"text-align: center;\"><strong>Autres dipl\u00f4mes \/ Other Qualifications<\/strong><\/h3>\n<p style=\"text-align: center;\"><strong>2018 UEFA B<\/strong><\/p>\n<p style=\"text-align: center;\"><strong>2020 FIFA Medecine Diploma<\/strong><\/p>\n<p style=\"text-align: center;\"><strong>2022 Federal Certificate of Athletic Preparation<\/strong><\/p>\n<p>&nbsp;<\/p>\n<p>[\/et_pb_text][et_pb_text _builder_version=\u00a0\u00bb4.27.4&Prime; background_size=\u00a0\u00bbinitial\u00a0\u00bb background_position=\u00a0\u00bbtop_left\u00a0\u00bb background_repeat=\u00a0\u00bbrepeat\u00a0\u00bb global_colors_info=\u00a0\u00bb{}\u00a0\u00bb]<\/p>\n<h3 style=\"text-align: center;\"><strong>Langues \/ Languages :<\/strong><\/h3>\n<p style=\"text-align: center;\"><strong><\/strong><\/p>\n<p style=\"text-align: center;\"><strong>Anglais, Fran\u00e7ais et Espagnol<\/strong><\/p>\n<p style=\"text-align: center;\"><strong>English , French &amp; Spanish<\/strong><\/p>\n<p>&nbsp;<\/p>\n<p>[\/et_pb_text][\/et_pb_column][\/et_pb_row][et_pb_row column_structure=\u00a0\u00bb1_2,1_2&Prime; _builder_version=\u00a0\u00bb4.27.4&Prime; background_size=\u00a0\u00bbinitial\u00a0\u00bb background_position=\u00a0\u00bbtop_left\u00a0\u00bb background_repeat=\u00a0\u00bbrepeat\u00a0\u00bb custom_padding=\u00a0\u00bb20px||||false|false\u00a0\u00bb global_colors_info=\u00a0\u00bb{}\u00a0\u00bb][et_pb_column type=\u00a0\u00bb1_2&Prime; _builder_version=\u00a0\u00bb4.16&Prime; custom_padding=\u00a0\u00bb|||\u00a0\u00bb global_colors_info=\u00a0\u00bb{}\u00a0\u00bb custom_padding__hover=\u00a0\u00bb|||\u00a0\u00bb][et_pb_text _builder_version=\u00a0\u00bb4.27.4&Prime; background_size=\u00a0\u00bbinitial\u00a0\u00bb background_position=\u00a0\u00bbtop_left\u00a0\u00bb background_repeat=\u00a0\u00bbrepeat\u00a0\u00bb global_colors_info=\u00a0\u00bb{}\u00a0\u00bb]<\/p>\n<h3 class=\"cvGsUA direction-ltr align-start para-style-body\" style=\"color: #fffffa; font-family: 'YACgEev4gKc 0', '_fb_', 'auto'; --cyv3zq: 16px; --gjplxq: 1.5; text-transform: none; line-height: 24px;\"><strong><span style=\"color: #333333;\"><span class=\"OYPEnA font-feature-liga-off font-feature-clig-off font-feature-calt-off text-decoration-none text-strikethrough-none\" style=\"font-style: normal; font-kerning: none;\">Carri\u00e8re \/ Career :<\/span><\/span><\/strong><\/h3>\n<p><span style=\"color: #333333;\"><span class=\"OYPEnA font-feature-liga-off font-feature-clig-off font-feature-calt-off text-decoration-none text-strikethrough-none\" style=\"font-weight: bold; font-style: normal; font-kerning: none;\"><\/span><\/span><\/p>\n<p class=\"cvGsUA direction-ltr align-start para-style-body\" style=\"color: #fffffa; font-family: 'YACgEev4gKc 0', '_fb_', 'auto'; --cyv3zq: 16px; --gjplxq: 1.5; text-transform: none; line-height: 24px;\"><span style=\"color: #000000;\"><span class=\"OYPEnA font-feature-liga-off font-feature-clig-off font-feature-calt-off text-decoration-none text-strikethrough-none\" style=\"font-weight: bold; font-style: normal; font-kerning: none;\">Since 07\/2020<\/span><span class=\"OYPEnA font-feature-liga-off font-feature-clig-off font-feature-calt-off text-decoration-none text-strikethrough-none\" style=\"font-weight: 400; font-style: normal; font-kerning: none;\">: Toulouse FC (Ligue 1) Physical trainer for the professional team.<\/span><\/span><\/p>\n<p class=\"cvGsUA direction-ltr align-start para-style-body\" style=\"color: #fffffa; font-family: 'YACgEev4gKc 0', '_fb_', 'auto'; --cyv3zq: 16px; --gjplxq: 1.5; text-transform: none; line-height: 24px;\">\n<ul>\n<li><span class=\"OYPEnA font-feature-liga-off font-feature-clig-off font-feature-calt-off text-decoration-none text-strikethrough-none\" style=\"color: #000000; font-weight: 400; font-style: normal; font-kerning: none;\">Use of performance tools<\/span><\/li>\n<li><span class=\"OYPEnA font-feature-liga-off font-feature-clig-off font-feature-calt-off text-decoration-none text-strikethrough-none\" style=\"color: #000000; font-weight: 400; font-style: normal; font-kerning: none;\">monitoring and testing (GPS StatsPerform)<\/span><\/li>\n<li><span class=\"OYPEnA font-feature-liga-off font-feature-clig-off font-feature-calt-off text-decoration-none text-strikethrough-none\" style=\"color: #000000; font-weight: 400; font-style: normal; font-kerning: none;\">CPK<\/span><\/li>\n<li><span class=\"OYPEnA font-feature-liga-off font-feature-clig-off font-feature-calt-off text-decoration-none text-strikethrough-none\" style=\"color: #000000; font-weight: 400; font-style: normal; font-kerning: none;\">isocin\u00e9tisme (Contrex)<\/span><\/li>\n<li><span class=\"OYPEnA font-feature-liga-off font-feature-clig-off font-feature-calt-off text-decoration-none text-strikethrough-none\" style=\"color: #000000; font-weight: 400; font-style: normal; font-kerning: none;\">VALD, Lactate Pro, force platform (KISTLER), 1080, BFR, etc\u2026),<\/span><\/li>\n<li><span style=\"color: #000000;\"><span class=\"OYPEnA white-space-prewrap font-feature-liga-off font-feature-clig-off font-feature-calt-off text-decoration-none text-strikethrough-none\" style=\"font-weight: 400; font-style: normal; font-kerning: none;\"> <\/span><span class=\"OYPEnA font-feature-liga-off font-feature-clig-off font-feature-calt-off text-decoration-none text-strikethrough-none\" style=\"font-weight: 400; font-style: normal; font-kerning: none;\">video, data visualization (Tableau) and database management tools.<\/span><\/span><\/li>\n<\/ul>\n<p class=\"cvGsUA direction-ltr align-start para-style-body\" style=\"color: #fffffa; font-family: 'YACgEev4gKc 0', '_fb_', 'auto'; --cyv3zq: 13.3334px; --gjplxq: 1.5; text-transform: none; line-height: 20px;\">\n<p class=\"cvGsUA direction-ltr align-start para-style-body\" style=\"color: #fffffa; font-family: 'YACgEev4gKc 0', '_fb_', 'auto'; --cyv3zq: 16px; --gjplxq: 1.5; text-transform: none; line-height: 24px;\"><span style=\"color: #000000;\"><span class=\"OYPEnA font-feature-liga-off font-feature-clig-off font-feature-calt-off text-decoration-none text-strikethrough-none\" style=\"font-weight: bold; font-style: normal; font-kerning: none;\">07\/2019-06\/2020<\/span><span class=\"OYPEnA font-feature-liga-off font-feature-clig-off font-feature-calt-off text-decoration-none text-strikethrough-none\" style=\"font-weight: 400; font-style: normal; font-kerning: none;\">: HAVRE AC<\/span><\/span><\/p>\n<p class=\"cvGsUA direction-ltr align-start para-style-body\" style=\"color: #fffffa; font-family: 'YACgEev4gKc 0', '_fb_', 'auto'; --cyv3zq: 16px; --gjplxq: 1.5; text-transform: none; line-height: 24px;\"><span class=\"OYPEnA font-feature-liga-off font-feature-clig-off font-feature-calt-off text-decoration-none text-strikethrough-none\" style=\"color: #000000; font-weight: 400; font-style: normal; font-kerning: none;\">Physical trainer for the professional team.<\/span><\/p>\n<p class=\"cvGsUA direction-ltr align-start para-style-body\" style=\"color: #fffffa; font-family: 'YACgEev4gKc 0', '_fb_', 'auto'; --cyv3zq: 16px; --gjplxq: 1.5; text-transform: none; line-height: 24px;\">\n<p class=\"cvGsUA direction-ltr align-start para-style-body\" style=\"color: #fffffa; font-family: 'YACgEev4gKc 0', '_fb_', 'auto'; --cyv3zq: 16px; --gjplxq: 1.5; text-transform: none; line-height: 24px;\"><span class=\"OYPEnA font-feature-liga-off font-feature-clig-off font-feature-calt-off text-decoration-none text-strikethrough-none\" style=\"color: #000000; font-weight: 400; font-style: normal; font-kerning: none;\">07\/2016-06\/2019: SAS Epinal (National 1)<\/span><\/p>\n<ul>\n<li><span class=\"OYPEnA font-feature-liga-off font-feature-clig-off font-feature-calt-off text-decoration-none text-strikethrough-none\" style=\"color: #000000; font-weight: 400; font-style: normal; font-kerning: none;\">In charge of the physical preparation and video analysis of the first team (N1 and N2)<\/span><\/li>\n<li><span class=\"OYPEnA font-feature-liga-off font-feature-clig-off font-feature-calt-off text-decoration-none text-strikethrough-none\" style=\"color: #000000; font-weight: 400; font-style: normal; font-kerning: none;\">U19 DH coach during the 2017\/2018 season<\/span><\/li>\n<\/ul>\n<p class=\"cvGsUA direction-ltr align-start para-style-body\" style=\"color: #fffffa; font-family: 'YACgEev4gKc 0', '_fb_', 'auto'; --cyv3zq: 13.3334px; --gjplxq: 1.5; text-transform: none; line-height: 20px;\">\n<p class=\"cvGsUA direction-ltr align-start para-style-body\" style=\"color: #fffffa; font-family: 'YACgEev4gKc 0', '_fb_', 'auto'; --cyv3zq: 13.3334px; --gjplxq: 1.5; text-transform: none; line-height: 20px;\"><span style=\"color: #000000;\"><span class=\"OYPEnA font-feature-liga-off font-feature-clig-off font-feature-calt-off text-decoration-none text-strikethrough-none\" style=\"font-weight: 400; font-style: normal; font-kerning: none;\">07\/2012-12\/2015:<\/span><span class=\"OYPEnA font-feature-liga-off font-feature-clig-off font-feature-calt-off text-decoration-none text-strikethrough-none white-space-prewrap\" style=\"font-weight: 400; font-style: normal; font-kerning: none;\"> <\/span><span class=\"OYPEnA font-feature-liga-off font-feature-clig-off font-feature-calt-off text-decoration-none text-strikethrough-none\" style=\"font-weight: 400; font-style: normal; font-kerning: none;\">AS B\u00e9ziers (National 1)<\/span><\/span><\/p>\n<ul>\n<li><span class=\"OYPEnA font-feature-liga-off font-feature-clig-off font-feature-calt-off text-decoration-none text-strikethrough-none\" style=\"color: #000000; font-weight: 400; font-style: normal; font-kerning: none;\">In charge of the physical preparation and video analysis of the first team (CFA and N1)<\/span><\/li>\n<li><span class=\"OYPEnA font-feature-liga-off font-feature-clig-off font-feature-calt-off text-decoration-none text-strikethrough-none\" style=\"color: #000000; font-weight: 400; font-style: normal; font-kerning: none;\">Physical trainer for U14 to U19 teams<\/span><\/li>\n<\/ul>\n<p>[\/et_pb_text][\/et_pb_column][et_pb_column type=\u00a0\u00bb1_2&Prime; _builder_version=\u00a0\u00bb4.16&Prime; custom_padding=\u00a0\u00bb|||\u00a0\u00bb global_colors_info=\u00a0\u00bb{}\u00a0\u00bb custom_padding__hover=\u00a0\u00bb|||\u00a0\u00bb][et_pb_image src=\u00a0\u00bbhttps:\/\/staff.sagaa.fr\/staff\/wp-content\/uploads\/2025\/04\/logos-benjamin-barthelemy.webp\u00a0\u00bb title_text=\u00a0\u00bblogos benjamin barthelemy\u00a0\u00bb _builder_version=\u00a0\u00bb4.27.4&Prime; _module_preset=\u00a0\u00bbdefault\u00a0\u00bb global_colors_info=\u00a0\u00bb{}\u00a0\u00bb][\/et_pb_image][\/et_pb_column][\/et_pb_row][et_pb_row _builder_version=\u00a0\u00bb4.16&Prime; background_size=\u00a0\u00bbinitial\u00a0\u00bb background_position=\u00a0\u00bbtop_left\u00a0\u00bb background_repeat=\u00a0\u00bbrepeat\u00a0\u00bb global_colors_info=\u00a0\u00bb{}\u00a0\u00bb][et_pb_column type=\u00a0\u00bb4_4&Prime; _builder_version=\u00a0\u00bb4.16&Prime; custom_padding=\u00a0\u00bb|||\u00a0\u00bb global_colors_info=\u00a0\u00bb{}\u00a0\u00bb custom_padding__hover=\u00a0\u00bb|||\u00a0\u00bb][et_pb_gallery gallery_ids=\u00a0\u00bb186,189,191&Prime; gallery_orderby=\u00a0\u00bbrand\u00a0\u00bb posts_number=\u00a0\u00bb10&Prime; orientation=\u00a0\u00bbportrait\u00a0\u00bb show_title_and_caption=\u00a0\u00bboff\u00a0\u00bb show_pagination=\u00a0\u00bboff\u00a0\u00bb _builder_version=\u00a0\u00bb4.27.4&Prime; _module_preset=\u00a0\u00bbdefault\u00a0\u00bb global_colors_info=\u00a0\u00bb{}\u00a0\u00bb][\/et_pb_gallery][\/et_pb_column][\/et_pb_row][\/et_pb_section]<\/p>\n","protected":false},"excerpt":{"rendered":"<p>Benjamin Barth\u00e9l\u00e9my Pr\u00e9parateur Physique \/ Strenght and conditionning coach (Ligue 1 TFC)Pr\u00e9parateur physique exp\u00e9riment\u00e9 qui effectue sa 4e saison avec le Toulouse Football Club, Benjamin Barth\u00e9l\u00e9my y aura connu les joies d\u2019une mont\u00e9e Ligue 1 ainsi qu\u2019une victoire en Coupe de France. Trilingue, avec un parcours et des comp\u00e9tences reconnus, son CV est directement t\u00e9l\u00e9chargeable [&hellip;]<\/p>\n","protected":false},"author":1,"featured_media":0,"parent":0,"menu_order":0,"comment_status":"closed","ping_status":"open","template":"","meta":{"_acf_changed":false,"_et_pb_use_builder":"on","_et_pb_old_content":"<!-- wp:paragraph -->\n<p>Ceci est une page d\u2019exemple. C\u2019est diff\u00e9rent d\u2019un article de blog parce qu\u2019elle restera au m\u00eame endroit et appara\u00eetra dans la navigation de votre site (dans la plupart des th\u00e8mes). La plupart des gens commencent par une page \u00ab&nbsp;\u00c0 propos&nbsp;\u00bb qui les pr\u00e9sente aux personnes visitant le site. Cela pourrait ressembler \u00e0 quelque chose comme cela&nbsp;:<\/p>\n<!-- \/wp:paragraph -->\n\n<!-- wp:quote -->\n<blockquote class=\"wp-block-quote\"><!-- wp:paragraph -->\n<p>Bonjour\u00a0! Je suis un m\u00e9canicien qui aspire \u00e0 devenir acteur, et voici mon site. J\u2019habite \u00e0 Bordeaux, j\u2019ai un super chien baptis\u00e9 Russell, et j\u2019aime la vodka (ainsi qu\u2019\u00eatre surpris par la pluie soudaine lors de longues balades sur la plage au coucher du soleil).<\/p>\n<!-- \/wp:paragraph --><\/blockquote>\n<!-- \/wp:quote -->\n\n<!-- wp:paragraph -->\n<p>\u2026ou quelque chose comme cela&nbsp;:<\/p>\n<!-- \/wp:paragraph -->\n\n<!-- wp:quote -->\n<blockquote class=\"wp-block-quote\"><!-- wp:paragraph -->\n<p>La soci\u00e9t\u00e9 123 Machin Truc a \u00e9t\u00e9 cr\u00e9\u00e9e en 1971, et n\u2019a cess\u00e9 de proposer au public des machins-trucs de qualit\u00e9 depuis lors. Situ\u00e9e \u00e0 Saint-Remy-en-Bouzemont-Saint-Genest-et-Isson, 123 Machin Truc emploie 2 000 personnes, et fabrique toutes sortes de bidules supers pour la communaut\u00e9 bouzemontoise.<\/p>\n<!-- \/wp:paragraph --><\/blockquote>\n<!-- \/wp:quote -->\n\n<!-- wp:paragraph -->\n<p>En tant que nouvel utilisateur ou utilisatrice de WordPress, vous devriez vous rendre sur <a href=\"https:\/\/staff.sagaa.fr\/staff\/wp-admin\/\">votre tableau de bord<\/a> pour supprimer cette page et cr\u00e9er de nouvelles pages pour votre contenu. Amusez-vous bien&nbsp;!<\/p>\n<!-- \/wp:paragraph -->","_et_gb_content_width":"","footnotes":""},"class_list":["post-158","page","type-page","status-publish","hentry"],"acf":[],"yoast_head":"<!-- This site is optimized with the Yoast SEO plugin v27.6 - https:\/\/yoast.com\/product\/yoast-seo-wordpress\/ -->\n<title>Benjamin Barth\u00e9l\u00e9my Football - SAGAA STAFF<\/title>\n<meta name=\"robots\" content=\"noindex, nofollow\" \/>\n<meta property=\"og:locale\" content=\"fr_FR\" \/>\n<meta property=\"og:type\" content=\"article\" \/>\n<meta property=\"og:title\" content=\"Benjamin Barth\u00e9l\u00e9my Football - SAGAA STAFF\" \/>\n<meta property=\"og:description\" content=\"Benjamin Barth\u00e9l\u00e9my Pr\u00e9parateur Physique \/ Strenght and conditionning coach (Ligue 1 TFC)Pr\u00e9parateur physique exp\u00e9riment\u00e9 qui effectue sa 4e saison avec le Toulouse Football Club, Benjamin Barth\u00e9l\u00e9my y aura connu les joies d\u2019une mont\u00e9e Ligue 1 ainsi qu\u2019une victoire en Coupe de France. Trilingue, avec un parcours et des comp\u00e9tences reconnus, son CV est directement t\u00e9l\u00e9chargeable [&hellip;]\" \/>\n<meta property=\"og:url\" content=\"https:\/\/staff.sagaa.fr\/staff\/benjamin-barthelemy-football\/\" \/>\n<meta property=\"og:site_name\" content=\"SAGAA STAFF\" \/>\n<meta property=\"article:modified_time\" content=\"2025-04-28T08:33:56+00:00\" \/>\n<meta name=\"twitter:card\" content=\"summary_large_image\" \/>\n<meta name=\"twitter:label1\" content=\"Dur\u00e9e de lecture estim\u00e9e\" \/>\n\t<meta name=\"twitter:data1\" content=\"4 minutes\" \/>\n<script type=\"application\/ld+json\" class=\"yoast-schema-graph\">{\"@context\":\"https:\\\/\\\/schema.org\",\"@graph\":[{\"@type\":\"WebPage\",\"@id\":\"https:\\\/\\\/staff.sagaa.fr\\\/staff\\\/benjamin-barthelemy-football\\\/\",\"url\":\"https:\\\/\\\/staff.sagaa.fr\\\/staff\\\/benjamin-barthelemy-football\\\/\",\"name\":\"Benjamin Barth\u00e9l\u00e9my Football - SAGAA STAFF\",\"isPartOf\":{\"@id\":\"https:\\\/\\\/staff.sagaa.fr\\\/staff\\\/#website\"},\"datePublished\":\"2025-04-21T13:36:47+00:00\",\"dateModified\":\"2025-04-28T08:33:56+00:00\",\"breadcrumb\":{\"@id\":\"https:\\\/\\\/staff.sagaa.fr\\\/staff\\\/benjamin-barthelemy-football\\\/#breadcrumb\"},\"inLanguage\":\"fr-FR\",\"potentialAction\":[{\"@type\":\"ReadAction\",\"target\":[\"https:\\\/\\\/staff.sagaa.fr\\\/staff\\\/benjamin-barthelemy-football\\\/\"]}]},{\"@type\":\"BreadcrumbList\",\"@id\":\"https:\\\/\\\/staff.sagaa.fr\\\/staff\\\/benjamin-barthelemy-football\\\/#breadcrumb\",\"itemListElement\":[{\"@type\":\"ListItem\",\"position\":1,\"name\":\"Home\",\"item\":\"https:\\\/\\\/staff.sagaa.fr\\\/staff\\\/\"},{\"@type\":\"ListItem\",\"position\":2,\"name\":\"Benjamin Barth\u00e9l\u00e9my Football\"}]},{\"@type\":\"WebSite\",\"@id\":\"https:\\\/\\\/staff.sagaa.fr\\\/staff\\\/#website\",\"url\":\"https:\\\/\\\/staff.sagaa.fr\\\/staff\\\/\",\"name\":\"SAGAA STAFF\",\"description\":\"Find your staff\",\"potentialAction\":[{\"@type\":\"SearchAction\",\"target\":{\"@type\":\"EntryPoint\",\"urlTemplate\":\"https:\\\/\\\/staff.sagaa.fr\\\/staff\\\/?s={search_term_string}\"},\"query-input\":{\"@type\":\"PropertyValueSpecification\",\"valueRequired\":true,\"valueName\":\"search_term_string\"}}],\"inLanguage\":\"fr-FR\"}]}<\/script>\n<!-- \/ Yoast SEO plugin. -->","yoast_head_json":{"title":"Benjamin Barth\u00e9l\u00e9my Football - SAGAA STAFF","robots":{"index":"noindex","follow":"nofollow"},"og_locale":"fr_FR","og_type":"article","og_title":"Benjamin Barth\u00e9l\u00e9my Football - SAGAA STAFF","og_description":"Benjamin Barth\u00e9l\u00e9my Pr\u00e9parateur Physique \/ Strenght and conditionning coach (Ligue 1 TFC)Pr\u00e9parateur physique exp\u00e9riment\u00e9 qui effectue sa 4e saison avec le Toulouse Football Club, Benjamin Barth\u00e9l\u00e9my y aura connu les joies d\u2019une mont\u00e9e Ligue 1 ainsi qu\u2019une victoire en Coupe de France. Trilingue, avec un parcours et des comp\u00e9tences reconnus, son CV est directement t\u00e9l\u00e9chargeable [&hellip;]","og_url":"https:\/\/staff.sagaa.fr\/staff\/benjamin-barthelemy-football\/","og_site_name":"SAGAA STAFF","article_modified_time":"2025-04-28T08:33:56+00:00","twitter_card":"summary_large_image","twitter_misc":{"Dur\u00e9e de lecture estim\u00e9e":"4 minutes"},"schema":{"@context":"https:\/\/schema.org","@graph":[{"@type":"WebPage","@id":"https:\/\/staff.sagaa.fr\/staff\/benjamin-barthelemy-football\/","url":"https:\/\/staff.sagaa.fr\/staff\/benjamin-barthelemy-football\/","name":"Benjamin Barth\u00e9l\u00e9my Football - SAGAA STAFF","isPartOf":{"@id":"https:\/\/staff.sagaa.fr\/staff\/#website"},"datePublished":"2025-04-21T13:36:47+00:00","dateModified":"2025-04-28T08:33:56+00:00","breadcrumb":{"@id":"https:\/\/staff.sagaa.fr\/staff\/benjamin-barthelemy-football\/#breadcrumb"},"inLanguage":"fr-FR","potentialAction":[{"@type":"ReadAction","target":["https:\/\/staff.sagaa.fr\/staff\/benjamin-barthelemy-football\/"]}]},{"@type":"BreadcrumbList","@id":"https:\/\/staff.sagaa.fr\/staff\/benjamin-barthelemy-football\/#breadcrumb","itemListElement":[{"@type":"ListItem","position":1,"name":"Home","item":"https:\/\/staff.sagaa.fr\/staff\/"},{"@type":"ListItem","position":2,"name":"Benjamin Barth\u00e9l\u00e9my Football"}]},{"@type":"WebSite","@id":"https:\/\/staff.sagaa.fr\/staff\/#website","url":"https:\/\/staff.sagaa.fr\/staff\/","name":"SAGAA STAFF","description":"Find your staff","potentialAction":[{"@type":"SearchAction","target":{"@type":"EntryPoint","urlTemplate":"https:\/\/staff.sagaa.fr\/staff\/?s={search_term_string}"},"query-input":{"@type":"PropertyValueSpecification","valueRequired":true,"valueName":"search_term_string"}}],"inLanguage":"fr-FR"}]}},"_links":{"self":[{"href":"https:\/\/staff.sagaa.fr\/staff\/wp-json\/wp\/v2\/pages\/158","targetHints":{"allow":["GET"]}}],"collection":[{"href":"https:\/\/staff.sagaa.fr\/staff\/wp-json\/wp\/v2\/pages"}],"about":[{"href":"https:\/\/staff.sagaa.fr\/staff\/wp-json\/wp\/v2\/types\/page"}],"author":[{"embeddable":true,"href":"https:\/\/staff.sagaa.fr\/staff\/wp-json\/wp\/v2\/users\/1"}],"replies":[{"embeddable":true,"href":"https:\/\/staff.sagaa.fr\/staff\/wp-json\/wp\/v2\/comments?post=158"}],"version-history":[{"count":13,"href":"https:\/\/staff.sagaa.fr\/staff\/wp-json\/wp\/v2\/pages\/158\/revisions"}],"predecessor-version":[{"id":384,"href":"https:\/\/staff.sagaa.fr\/staff\/wp-json\/wp\/v2\/pages\/158\/revisions\/384"}],"wp:attachment":[{"href":"https:\/\/staff.sagaa.fr\/staff\/wp-json\/wp\/v2\/media?parent=158"}],"curies":[{"name":"wp","href":"https:\/\/api.w.org\/{rel}","templated":true}]}}