{"id":2,"date":"2023-11-08T16:25:17","date_gmt":"2023-11-08T15:25:17","guid":{"rendered":"https:\/\/staff.sagaa.fr\/staff\/?page_id=2"},"modified":"2025-04-28T11:00:00","modified_gmt":"2025-04-28T09:00:00","slug":"page-d-exemple","status":"publish","type":"page","link":"https:\/\/staff.sagaa.fr\/staff\/","title":{"rendered":"Bienvenue \/ Welcome"},"content":{"rendered":"[et_pb_section fb_built=\u00a0\u00bb1&Prime; admin_label=\u00a0\u00bbsection\u00a0\u00bb _builder_version=\u00a0\u00bb4.16&Prime; global_colors_info=\u00a0\u00bb{}\u00a0\u00bb][et_pb_row admin_label=\u00a0\u00bbrow\u00a0\u00bb _builder_version=\u00a0\u00bb4.27.4&Prime; background_size=\u00a0\u00bbinitial\u00a0\u00bb background_position=\u00a0\u00bbtop_left\u00a0\u00bb background_repeat=\u00a0\u00bbrepeat\u00a0\u00bb global_colors_info=\u00a0\u00bb{}\u00a0\u00bb][et_pb_column type=\u00a0\u00bb4_4&Prime; _builder_version=\u00a0\u00bb4.16&Prime; custom_padding=\u00a0\u00bb|||\u00a0\u00bb global_colors_info=\u00a0\u00bb{}\u00a0\u00bb custom_padding__hover=\u00a0\u00bb|||\u00a0\u00bb][et_pb_image src=\u00a0\u00bbhttps:\/\/staff.sagaa.fr\/staff\/wp-content\/uploads\/2025\/04\/SAGAA.webp\u00a0\u00bb title_text=\u00a0\u00bbSAGAA\u00a0\u00bb align=\u00a0\u00bbcenter\u00a0\u00bb _builder_version=\u00a0\u00bb4.27.4&Prime; _module_preset=\u00a0\u00bbdefault\u00a0\u00bb width=\u00a0\u00bb50%\u00a0\u00bb max_width=\u00a0\u00bb50%\u00a0\u00bb global_colors_info=\u00a0\u00bb{}\u00a0\u00bb][\/et_pb_image][et_pb_text admin_label=\u00a0\u00bbText\u00a0\u00bb _builder_version=\u00a0\u00bb4.27.4&Prime; background_size=\u00a0\u00bbinitial\u00a0\u00bb background_position=\u00a0\u00bbtop_left\u00a0\u00bb background_repeat=\u00a0\u00bbrepeat\u00a0\u00bb global_colors_info=\u00a0\u00bb{}\u00a0\u00bb]<p style=\"text-align: justify;\"><strong>Bienvenue sur notre site d\u00e9di\u00e9 aux clubs professionnels. <\/strong><\/p>\n<p style=\"text-align: justify;\"><\/p>\n<p style=\"text-align: justify;\">Vous trouverez toutes les informations n\u00e9cessaires li\u00e9es \u00e0 nos managers, coaches, pr\u00e9parateurs physique, responsable performance et analyste vid\u00e9os en football et rugby.<\/p>\n<p style=\"text-align: justify;\"><\/p>\n<p style=\"text-align: justify;\">Pour tout autre besoin en joueurs professionnels ou jeunes joueurs pour votre centre de formation, contactez nous directement par mail \u00e0 <strong><em>players@sagaa.fr<\/em><\/strong> ou<em><strong> laurent@sagaa.fr<\/strong><\/em>.\u00a0<\/p>\n<p><\/p>\n<p><\/p>\n<p style=\"text-align: justify;\"><strong>Welcome to our website dedicated to professional clubs.<\/strong><\/p>\n<p style=\"text-align: justify;\"><\/p>\n<p style=\"text-align: justify;\">You will find all the necessary information about our managers, coaches, strenght and conditionning coaches, performance managers, and video analysts in football and rugby.<\/p>\n<p style=\"text-align: justify;\"><\/p>\n<p style=\"text-align: justify;\">For any other professional or youth player needs for your academy, contact us directly by email at <strong><em>players@sagaa.fr<\/em><\/strong> or <strong><em>laurent@sagaa.fr<\/em><\/strong>.<\/p>\n<p><\/p>[\/et_pb_text][\/et_pb_column][\/et_pb_row][\/et_pb_section][et_pb_section fb_built=\u00a0\u00bb1&Prime; _builder_version=\u00a0\u00bb4.27.4&Prime; _module_preset=\u00a0\u00bbdefault\u00a0\u00bb global_colors_info=\u00a0\u00bb{}\u00a0\u00bb][et_pb_row _builder_version=\u00a0\u00bb4.27.4&Prime; _module_preset=\u00a0\u00bbdefault\u00a0\u00bb global_colors_info=\u00a0\u00bb{}\u00a0\u00bb][et_pb_column type=\u00a0\u00bb4_4&Prime; _builder_version=\u00a0\u00bb4.27.4&Prime; _module_preset=\u00a0\u00bbdefault\u00a0\u00bb global_colors_info=\u00a0\u00bb{}\u00a0\u00bb][et_pb_image src=\u00a0\u00bbhttps:\/\/staff.sagaa.fr\/staff\/wp-content\/uploads\/2025\/04\/SAGAA-agency-2025.webp\u00a0\u00bb title_text=\u00a0\u00bbSAGAA agency 2025&Prime; src_tablet=\u00a0\u00bbhttps:\/\/staff.sagaa.fr\/staff\/wp-content\/uploads\/2025\/04\/SAGAA-agency-2025.webp\u00a0\u00bb src_phone=\u00a0\u00bbhttps:\/\/staff.sagaa.fr\/staff\/wp-content\/uploads\/2025\/04\/SAGAA-agency-2025.webp\u00a0\u00bb src_last_edited=\u00a0\u00bbon|desktop\u00a0\u00bb disabled_on=\u00a0\u00bbon|on|off\u00a0\u00bb _builder_version=\u00a0\u00bb4.27.4&Prime; _module_preset=\u00a0\u00bbdefault\u00a0\u00bb width=\u00a0\u00bb41%\u00a0\u00bb width_tablet=\u00a0\u00bb41%\u00a0\u00bb width_phone=\u00a0\u00bb41%\u00a0\u00bb width_last_edited=\u00a0\u00bbon|phone\u00a0\u00bb max_width=\u00a0\u00bb100%\u00a0\u00bb module_alignment=\u00a0\u00bbcenter\u00a0\u00bb global_colors_info=\u00a0\u00bb{}\u00a0\u00bb][\/et_pb_image][et_pb_image src=\u00a0\u00bbhttps:\/\/staff.sagaa.fr\/staff\/wp-content\/uploads\/2025\/04\/SAGAA-agency-2025.webp\u00a0\u00bb title_text=\u00a0\u00bbSAGAA agency 2025&Prime; src_tablet=\u00a0\u00bbhttps:\/\/staff.sagaa.fr\/staff\/wp-content\/uploads\/2025\/04\/SAGAA-agency-2025.webp\u00a0\u00bb src_phone=\u00a0\u00bbhttps:\/\/staff.sagaa.fr\/staff\/wp-content\/uploads\/2025\/04\/SAGAA-agency-2025.webp\u00a0\u00bb src_last_edited=\u00a0\u00bbon|desktop\u00a0\u00bb disabled_on=\u00a0\u00bboff|on|on\u00a0\u00bb _builder_version=\u00a0\u00bb4.27.4&Prime; _module_preset=\u00a0\u00bbdefault\u00a0\u00bb width=\u00a0\u00bb100%\u00a0\u00bb width_tablet=\u00a0\u00bb100%\u00a0\u00bb width_phone=\u00a0\u00bb100%\u00a0\u00bb width_last_edited=\u00a0\u00bbon|phone\u00a0\u00bb max_width=\u00a0\u00bb100%\u00a0\u00bb module_alignment=\u00a0\u00bbcenter\u00a0\u00bb global_colors_info=\u00a0\u00bb{}\u00a0\u00bb][\/et_pb_image][\/et_pb_column][\/et_pb_row][\/et_pb_section]","protected":false},"excerpt":{"rendered":"<p>Bienvenue sur notre site d\u00e9di\u00e9 aux clubs professionnels. Vous trouverez toutes les informations n\u00e9cessaires li\u00e9es \u00e0 nos managers, coaches, pr\u00e9parateurs physique, responsable performance et analyste vid\u00e9os en football et rugby. Pour tout autre besoin en joueurs professionnels ou jeunes joueurs pour votre centre de formation, contactez nous directement par mail \u00e0 players@sagaa.fr ou laurent@sagaa.fr.\u00a0 Welcome [&hellip;]<\/p>\n","protected":false},"author":1,"featured_media":0,"parent":0,"menu_order":0,"comment_status":"closed","ping_status":"open","template":"","meta":{"_acf_changed":false,"_et_pb_use_builder":"on","_et_pb_old_content":"<!-- wp:paragraph -->\n<p><strong>Bienvenue sur notre site d\u00e9di\u00e9 \u00e0 nos membres de staff. <\/strong><\/p>\n<!-- \/wp:paragraph -->\n\n<!-- wp:paragraph -->\n<p>Vous trouverez toutes les informations n\u00e9cessaires \u00e0 nos managers, coaches, pr\u00e9parateurs physique, responsable performance et analyste vid\u00e9os en football et rugby.<\/p>\n<!-- \/wp:paragraph -->\n\n<!-- wp:paragraph -->\n<p>Pour tout autre besoin en joueurs professionnels ou jeunes joueurs pour votre centre de formation, contactez nous directement par mail \u00e0 <strong><em>players@sagaa.fr<\/em><\/strong> ou<em><strong> laurent@sagaa.fr<\/strong><\/em>.<\/p>\n<!-- \/wp:paragraph -->\n\n<!-- wp:paragraph -->\n<p><\/p>\n<!-- \/wp:paragraph -->\n\n<!-- wp:paragraph -->\n<p><strong>Welcome to our website dedicated to our staff members.<\/strong><\/p>\n<!-- \/wp:paragraph -->\n\n<!-- wp:paragraph -->\n<p>You'll find all the information you need for our managers, coaches, strenght and conditionning coaches, performance managers, and video analysts in football and rugby.<\/p>\n<!-- \/wp:paragraph -->\n\n<!-- wp:paragraph -->\n<p>For any other professional or youth player needs for your academy, contact us directly by email at <strong><em>players@sagaa.fr<\/em><\/strong> or <strong><em>laurent@sagaa.fr<\/em><\/strong>.<\/p>\n<!-- \/wp:paragraph -->","_et_gb_content_width":"","footnotes":""},"class_list":["post-2","page","type-page","status-publish","hentry"],"acf":[],"yoast_head":"<!-- This site is optimized with the Yoast SEO plugin v27.6 - https:\/\/yoast.com\/product\/yoast-seo-wordpress\/ -->\n<title>Bienvenue \/ Welcome - SAGAA STAFF<\/title>\n<meta name=\"robots\" content=\"noindex, nofollow\" \/>\n<meta property=\"og:locale\" content=\"fr_FR\" \/>\n<meta property=\"og:type\" content=\"article\" \/>\n<meta property=\"og:title\" content=\"Bienvenue \/ Welcome - SAGAA STAFF\" \/>\n<meta property=\"og:description\" content=\"Bienvenue sur notre site d\u00e9di\u00e9 aux clubs professionnels. Vous trouverez toutes les informations n\u00e9cessaires li\u00e9es \u00e0 nos managers, coaches, pr\u00e9parateurs physique, responsable performance et analyste vid\u00e9os en football et rugby. Pour tout autre besoin en joueurs professionnels ou jeunes joueurs pour votre centre de formation, contactez nous directement par mail \u00e0 players@sagaa.fr ou laurent@sagaa.fr.\u00a0 Welcome [&hellip;]\" \/>\n<meta property=\"og:url\" content=\"https:\/\/staff.sagaa.fr\/staff\/\" \/>\n<meta property=\"og:site_name\" content=\"SAGAA STAFF\" \/>\n<meta property=\"article:modified_time\" content=\"2025-04-28T09:00:00+00:00\" \/>\n<meta name=\"twitter:card\" content=\"summary_large_image\" \/>\n<meta name=\"twitter:label1\" content=\"Dur\u00e9e de lecture estim\u00e9e\" \/>\n\t<meta name=\"twitter:data1\" content=\"1 minute\" \/>\n<script type=\"application\/ld+json\" class=\"yoast-schema-graph\">{\"@context\":\"https:\\\/\\\/schema.org\",\"@graph\":[{\"@type\":\"WebPage\",\"@id\":\"https:\\\/\\\/staff.sagaa.fr\\\/staff\\\/\",\"url\":\"https:\\\/\\\/staff.sagaa.fr\\\/staff\\\/\",\"name\":\"Bienvenue \\\/ Welcome - SAGAA STAFF\",\"isPartOf\":{\"@id\":\"https:\\\/\\\/staff.sagaa.fr\\\/staff\\\/#website\"},\"datePublished\":\"2023-11-08T15:25:17+00:00\",\"dateModified\":\"2025-04-28T09:00:00+00:00\",\"breadcrumb\":{\"@id\":\"https:\\\/\\\/staff.sagaa.fr\\\/staff\\\/#breadcrumb\"},\"inLanguage\":\"fr-FR\",\"potentialAction\":[{\"@type\":\"ReadAction\",\"target\":[\"https:\\\/\\\/staff.sagaa.fr\\\/staff\\\/\"]}]},{\"@type\":\"BreadcrumbList\",\"@id\":\"https:\\\/\\\/staff.sagaa.fr\\\/staff\\\/#breadcrumb\",\"itemListElement\":[{\"@type\":\"ListItem\",\"position\":1,\"name\":\"Home\",\"item\":\"https:\\\/\\\/staff.sagaa.fr\\\/staff\\\/\"},{\"@type\":\"ListItem\",\"position\":2,\"name\":\"Bienvenue \\\/ Welcome\"}]},{\"@type\":\"WebSite\",\"@id\":\"https:\\\/\\\/staff.sagaa.fr\\\/staff\\\/#website\",\"url\":\"https:\\\/\\\/staff.sagaa.fr\\\/staff\\\/\",\"name\":\"SAGAA STAFF\",\"description\":\"Find your staff\",\"potentialAction\":[{\"@type\":\"SearchAction\",\"target\":{\"@type\":\"EntryPoint\",\"urlTemplate\":\"https:\\\/\\\/staff.sagaa.fr\\\/staff\\\/?s={search_term_string}\"},\"query-input\":{\"@type\":\"PropertyValueSpecification\",\"valueRequired\":true,\"valueName\":\"search_term_string\"}}],\"inLanguage\":\"fr-FR\"}]}<\/script>\n<!-- \/ Yoast SEO plugin. -->","yoast_head_json":{"title":"Bienvenue \/ Welcome - SAGAA STAFF","robots":{"index":"noindex","follow":"nofollow"},"og_locale":"fr_FR","og_type":"article","og_title":"Bienvenue \/ Welcome - SAGAA STAFF","og_description":"Bienvenue sur notre site d\u00e9di\u00e9 aux clubs professionnels. Vous trouverez toutes les informations n\u00e9cessaires li\u00e9es \u00e0 nos managers, coaches, pr\u00e9parateurs physique, responsable performance et analyste vid\u00e9os en football et rugby. Pour tout autre besoin en joueurs professionnels ou jeunes joueurs pour votre centre de formation, contactez nous directement par mail \u00e0 players@sagaa.fr ou laurent@sagaa.fr.\u00a0 Welcome [&hellip;]","og_url":"https:\/\/staff.sagaa.fr\/staff\/","og_site_name":"SAGAA STAFF","article_modified_time":"2025-04-28T09:00:00+00:00","twitter_card":"summary_large_image","twitter_misc":{"Dur\u00e9e de lecture estim\u00e9e":"1 minute"},"schema":{"@context":"https:\/\/schema.org","@graph":[{"@type":"WebPage","@id":"https:\/\/staff.sagaa.fr\/staff\/","url":"https:\/\/staff.sagaa.fr\/staff\/","name":"Bienvenue \/ Welcome - SAGAA STAFF","isPartOf":{"@id":"https:\/\/staff.sagaa.fr\/staff\/#website"},"datePublished":"2023-11-08T15:25:17+00:00","dateModified":"2025-04-28T09:00:00+00:00","breadcrumb":{"@id":"https:\/\/staff.sagaa.fr\/staff\/#breadcrumb"},"inLanguage":"fr-FR","potentialAction":[{"@type":"ReadAction","target":["https:\/\/staff.sagaa.fr\/staff\/"]}]},{"@type":"BreadcrumbList","@id":"https:\/\/staff.sagaa.fr\/staff\/#breadcrumb","itemListElement":[{"@type":"ListItem","position":1,"name":"Home","item":"https:\/\/staff.sagaa.fr\/staff\/"},{"@type":"ListItem","position":2,"name":"Bienvenue \/ Welcome"}]},{"@type":"WebSite","@id":"https:\/\/staff.sagaa.fr\/staff\/#website","url":"https:\/\/staff.sagaa.fr\/staff\/","name":"SAGAA STAFF","description":"Find your staff","potentialAction":[{"@type":"SearchAction","target":{"@type":"EntryPoint","urlTemplate":"https:\/\/staff.sagaa.fr\/staff\/?s={search_term_string}"},"query-input":{"@type":"PropertyValueSpecification","valueRequired":true,"valueName":"search_term_string"}}],"inLanguage":"fr-FR"}]}},"_links":{"self":[{"href":"https:\/\/staff.sagaa.fr\/staff\/wp-json\/wp\/v2\/pages\/2","targetHints":{"allow":["GET"]}}],"collection":[{"href":"https:\/\/staff.sagaa.fr\/staff\/wp-json\/wp\/v2\/pages"}],"about":[{"href":"https:\/\/staff.sagaa.fr\/staff\/wp-json\/wp\/v2\/types\/page"}],"author":[{"embeddable":true,"href":"https:\/\/staff.sagaa.fr\/staff\/wp-json\/wp\/v2\/users\/1"}],"replies":[{"embeddable":true,"href":"https:\/\/staff.sagaa.fr\/staff\/wp-json\/wp\/v2\/comments?post=2"}],"version-history":[{"count":24,"href":"https:\/\/staff.sagaa.fr\/staff\/wp-json\/wp\/v2\/pages\/2\/revisions"}],"predecessor-version":[{"id":401,"href":"https:\/\/staff.sagaa.fr\/staff\/wp-json\/wp\/v2\/pages\/2\/revisions\/401"}],"wp:attachment":[{"href":"https:\/\/staff.sagaa.fr\/staff\/wp-json\/wp\/v2\/media?parent=2"}],"curies":[{"name":"wp","href":"https:\/\/api.w.org\/{rel}","templated":true}]}}